{"id":1673,"date":"2025-08-07T18:17:06","date_gmt":"2025-08-07T21:17:06","guid":{"rendered":"https:\/\/apiter.com\/?page_id=1673"},"modified":"2025-08-13T11:30:56","modified_gmt":"2025-08-13T14:30:56","slug":"protectfilm-frame-style","status":"publish","type":"page","link":"https:\/\/apiter.com\/en\/protectfilm-frame-style\/","title":{"rendered":"Protectfilm Frame Style"},"content":{"rendered":"\n<div class=\"wp-block-columns are-vertically-aligned-top wp-template-pd is-layout-flex wp-container-core-columns-is-layout-9d6595d7 wp-block-columns-is-layout-flex\">\n<div class=\"wp-block-column is-vertically-aligned-top is-layout-flow wp-block-column-is-layout-flow\">\n<figure class=\"wp-block-image size-full\"><img loading=\"lazy\" decoding=\"async\" width=\"1024\" height=\"1024\" src=\"http:\/\/apiter.com\/wp-content\/uploads\/2025\/08\/protectFilm-FrameStyle-apiter.jpg\" alt=\"Protectfilm Framestyle\" class=\"wp-image-1542\" srcset=\"https:\/\/apiter.com\/wp-content\/uploads\/2025\/08\/protectFilm-FrameStyle-apiter.jpg 1024w, https:\/\/apiter.com\/wp-content\/uploads\/2025\/08\/protectFilm-FrameStyle-apiter-514x514.jpg 514w, https:\/\/apiter.com\/wp-content\/uploads\/2025\/08\/protectFilm-FrameStyle-apiter-150x150.jpg 150w\" sizes=\"auto, (max-width: 1024px) 100vw, 1024px\" \/><\/figure>\n<\/div>\n\n\n\n<div class=\"wp-block-column is-vertically-aligned-top is-layout-flow wp-block-column-is-layout-flow\">\n<h2 class=\"wp-block-heading has-orange-color has-text-color has-link-color wp-elements-de3de72a7fdb9c1c7650347dfd80050b\"><strong><strong>Protectfilm\u00ae Frame Style<\/strong><\/strong><\/h2>\n\n\n\n<p>Descripci\u00f3n<\/p>\n\n\n\n<hr class=\"wp-block-separator has-text-color has-grey-light-color has-alpha-channel-opacity has-grey-light-background-color has-background\"\/>\n\n\n\n<p><strong>Protectfilm\u00ae Frame Style<\/strong> es una <strong>l\u00e1mina transparente con marco de fijaci\u00f3n<\/strong> dise\u00f1ada para la protecci\u00f3n de <strong>heridas secas o con poca secreci\u00f3n<\/strong>.<br>Fabricada con <strong>pel\u00edcula de poliuretano antibacterial e impermeable<\/strong>, cubierta con <strong>adhesivo hipoalerg\u00e9nico<\/strong> y protegida por papel soporte.<br>Se presenta <strong>empacada individualmente<\/strong> y esterilizada mediante <strong>\u00f3xido de etileno<\/strong>.<\/p>\n\n\n\n<h2 class=\"wp-block-heading\"><strong>Caracter\u00edsticas<\/strong><\/h2>\n\n\n\n<ul class=\"wp-block-list\">\n<li><strong>Mantiene la herida limpia y protegida<\/strong>.<\/li>\n\n\n\n<li><strong>Muy f\u00e1cil de aplicar<\/strong> gracias a su marco de fijaci\u00f3n.<\/li>\n\n\n\n<li>Material transparente que permite <strong>observar la cicatrizaci\u00f3n<\/strong> sin retirar el ap\u00f3sito.<\/li>\n\n\n\n<li>Permite al paciente <strong>ba\u00f1arse o lavarse<\/strong> sin riesgo para la herida o la l\u00e1mina.<\/li>\n\n\n\n<li>Favorece la <strong>transpiraci\u00f3n<\/strong> de la herida y la evaporaci\u00f3n del agua.<\/li>\n\n\n\n<li>Puede permanecer colocada hasta <strong>5 d\u00edas<\/strong>, reduciendo la manipulaci\u00f3n.<\/li>\n\n\n\n<li><\/li>\n<\/ul>\n\n\n\n<div class=\"wp-block-columns wp-template-pd is-layout-flex wp-container-core-columns-is-layout-9d6595d7 wp-block-columns-is-layout-flex\">\n<div class=\"wp-block-column is-layout-flow wp-block-column-is-layout-flow\">\n<h2 class=\"wp-block-heading\"><strong>Indicaciones<\/strong><\/h2>\n\n\n\n<ul class=\"wp-block-list\">\n<li>Cobertura para <strong>heridas secas o ligeramente secretoras<\/strong>.<\/li>\n\n\n\n<li><strong>Fijaci\u00f3n de cat\u00e9teres IV<\/strong>.<\/li>\n\n\n\n<li>Barrera <strong>impermeable y antibacterial<\/strong> para cubrir compresas.<\/li>\n<\/ul>\n<\/div>\n\n\n\n<div class=\"wp-block-column is-layout-flow wp-block-column-is-layout-flow\">\n<h2 class=\"wp-block-heading\">Modo de empleo<\/h2>\n\n\n\n<ul class=\"wp-block-list\">\n<li>Retirar y descartar el panel central.<\/li>\n\n\n\n<li>Retirar el revestimiento del vendaje para exponer la superficie adhesiva.<\/li>\n\n\n\n<li>Observar a trav\u00e9s del film y centrar el ap\u00f3sito sobre la lesi\u00f3n.<\/li>\n\n\n\n<li>No estirar el ap\u00f3sito durante su aplicaci\u00f3n.<\/li>\n\n\n\n<li>Alinear el marco con el \u00e1rea deseada y presionar firmemente desde el centro hacia los bordes para asegurar la fijaci\u00f3n.<\/li>\n<\/ul>\n<\/div>\n<\/div>\n<\/div>\n<\/div>\n\n\n\n<div style=\"height:100px\" aria-hidden=\"true\" class=\"wp-block-spacer\"><\/div>\n\n\n<div class=\"wp-block-image is-style-default imghid\">\n<figure class=\"aligncenter size-large\"><a href=\"https:\/\/apiter.com\/pharmaplast\/\"><img loading=\"lazy\" decoding=\"async\" width=\"1920\" height=\"318\" src=\"http:\/\/apiter.com\/wp-content\/uploads\/2025\/08\/banerr2-apiter-1-1920x318.jpg\" alt=\"Banerr2\" class=\"wp-image-1613\" srcset=\"https:\/\/apiter.com\/wp-content\/uploads\/2025\/08\/banerr2-apiter-1-1920x318.jpg 1920w, https:\/\/apiter.com\/wp-content\/uploads\/2025\/08\/banerr2-apiter-1-685x114.jpg 685w\" sizes=\"auto, (max-width: 1920px) 100vw, 1920px\" \/><\/a><\/figure>\n<\/div>","protected":false},"excerpt":{"rendered":"<p>Protectfilm\u00ae Frame Style Descripci\u00f3n Protectfilm\u00ae Frame Style es una l\u00e1mina transparente con marco de fijaci\u00f3n dise\u00f1ada para la protecci\u00f3n de heridas secas o con poca [&hellip;]<\/p>\n","protected":false},"author":5,"featured_media":1590,"parent":0,"menu_order":0,"comment_status":"closed","ping_status":"closed","template":"","meta":{"_acf_changed":false,"footnotes":""},"class_list":["post-1673","page","type-page","status-publish","has-post-thumbnail","hentry"],"acf":[],"_links":{"self":[{"href":"https:\/\/apiter.com\/en\/wp-json\/wp\/v2\/pages\/1673","targetHints":{"allow":["GET"]}}],"collection":[{"href":"https:\/\/apiter.com\/en\/wp-json\/wp\/v2\/pages"}],"about":[{"href":"https:\/\/apiter.com\/en\/wp-json\/wp\/v2\/types\/page"}],"author":[{"embeddable":true,"href":"https:\/\/apiter.com\/en\/wp-json\/wp\/v2\/users\/5"}],"replies":[{"embeddable":true,"href":"https:\/\/apiter.com\/en\/wp-json\/wp\/v2\/comments?post=1673"}],"version-history":[{"count":3,"href":"https:\/\/apiter.com\/en\/wp-json\/wp\/v2\/pages\/1673\/revisions"}],"predecessor-version":[{"id":1690,"href":"https:\/\/apiter.com\/en\/wp-json\/wp\/v2\/pages\/1673\/revisions\/1690"}],"wp:featuredmedia":[{"embeddable":true,"href":"https:\/\/apiter.com\/en\/wp-json\/wp\/v2\/media\/1590"}],"wp:attachment":[{"href":"https:\/\/apiter.com\/en\/wp-json\/wp\/v2\/media?parent=1673"}],"curies":[{"name":"wp","href":"https:\/\/api.w.org\/{rel}","templated":true}]}}