{"id":1661,"date":"2025-08-07T17:38:04","date_gmt":"2025-08-07T20:38:04","guid":{"rendered":"https:\/\/apiter.com\/?page_id=1661"},"modified":"2025-08-07T17:38:22","modified_gmt":"2025-08-07T20:38:22","slug":"pharmapad-carbon","status":"publish","type":"page","link":"https:\/\/apiter.com\/en\/pharmapad-carbon\/","title":{"rendered":"Pharmapad Carbon"},"content":{"rendered":"\n<div class=\"wp-block-columns are-vertically-aligned-top wp-template-pd is-layout-flex wp-container-core-columns-is-layout-9d6595d7 wp-block-columns-is-layout-flex\">\n<div class=\"wp-block-column is-vertically-aligned-top is-layout-flow wp-block-column-is-layout-flow\">\n<figure class=\"wp-block-image size-full\"><img loading=\"lazy\" decoding=\"async\" width=\"1024\" height=\"1024\" src=\"https:\/\/apiter.com\/wp-content\/uploads\/2025\/08\/carbon-apiter-1.jpg\" alt=\"Carbon\" class=\"wp-image-1662\" srcset=\"https:\/\/apiter.com\/wp-content\/uploads\/2025\/08\/carbon-apiter-1.jpg 1024w, https:\/\/apiter.com\/wp-content\/uploads\/2025\/08\/carbon-apiter-1-514x514.jpg 514w, https:\/\/apiter.com\/wp-content\/uploads\/2025\/08\/carbon-apiter-1-150x150.jpg 150w\" sizes=\"auto, (max-width: 1024px) 100vw, 1024px\" \/><\/figure>\n<\/div>\n\n\n\n<div class=\"wp-block-column is-vertically-aligned-top is-layout-flow wp-block-column-is-layout-flow\">\n<h2 class=\"wp-block-heading has-orange-color has-text-color has-link-color wp-elements-f12615e0ed180a1d90c0667a2292b654\"><strong>Pharmapad\u00ae Carbon<\/strong><\/h2>\n\n\n\n<p>Descripci\u00f3n<\/p>\n\n\n\n<hr class=\"wp-block-separator has-text-color has-grey-light-color has-alpha-channel-opacity has-grey-light-background-color has-background\"\/>\n\n\n\n<p><strong>Pharmapad\u00ae Carbon<\/strong> es un <strong>ap\u00f3sito delgado con una capa de carb\u00f3n activado<\/strong>, dise\u00f1ado como soluci\u00f3n para el manejo de <strong>heridas f\u00e9tidas<\/strong>.<\/p>\n\n\n\n<h2 class=\"wp-block-heading\"><strong>Caracter\u00edsticas<\/strong><\/h2>\n\n\n\n<ul class=\"wp-block-list\">\n<li>Compuesto por <strong>tres capas<\/strong>: la capa de carb\u00f3n activado est\u00e1 entre dos capas de <strong>ray\u00f3n acolchado<\/strong>, no tejido y no adherente.<\/li>\n\n\n\n<li><strong>Buena capacidad de absorci\u00f3n<\/strong>.<\/li>\n\n\n\n<li>Puede aplicarse directamente sobre la herida como <strong>ap\u00f3sito primario<\/strong>, protegido y fijado con un vendaje secundario (ej. <strong>Protectfilm\u00ae<\/strong>).<\/li>\n\n\n\n<li>El ap\u00f3sito puede cortarse al tama\u00f1o necesario.<\/li>\n\n\n\n<li><strong>Empacado individualmente<\/strong> en bolsa o pouch, <strong>esterilizado por E.O.<\/strong><\/li>\n<\/ul>\n\n\n\n<div class=\"wp-block-columns wp-template-pd is-layout-flex wp-container-core-columns-is-layout-9d6595d7 wp-block-columns-is-layout-flex\">\n<div class=\"wp-block-column is-layout-flow wp-block-column-is-layout-flow\">\n<h2 class=\"wp-block-heading\"><strong>Beneficios<\/strong><\/h2>\n\n\n\n<ul class=\"wp-block-list\">\n<li><strong>R\u00e1pida absorci\u00f3n<\/strong> y control de exudados moderados, evitando filtraciones.<\/li>\n\n\n\n<li><strong>Asegura t\u00e9cnica as\u00e9ptica<\/strong> gracias a su empaque individual est\u00e9ril.<\/li>\n\n\n\n<li>El carb\u00f3n activado <strong>absorbe olores desagradables<\/strong>, com\u00fanmente presentes en heridas cr\u00f3nicas.<\/li>\n<\/ul>\n<\/div>\n<\/div>\n<\/div>\n<\/div>\n\n\n\n<div style=\"height:100px\" aria-hidden=\"true\" class=\"wp-block-spacer\"><\/div>\n\n\n<div class=\"wp-block-image is-style-default imghid\">\n<figure class=\"aligncenter size-large\"><a href=\"https:\/\/apiter.com\/pharmaplast\/\"><img loading=\"lazy\" decoding=\"async\" width=\"1920\" height=\"318\" src=\"http:\/\/apiter.com\/wp-content\/uploads\/2025\/08\/banerr2-apiter-1-1920x318.jpg\" alt=\"Banerr2\" class=\"wp-image-1613\" srcset=\"https:\/\/apiter.com\/wp-content\/uploads\/2025\/08\/banerr2-apiter-1-1920x318.jpg 1920w, https:\/\/apiter.com\/wp-content\/uploads\/2025\/08\/banerr2-apiter-1-685x114.jpg 685w\" sizes=\"auto, (max-width: 1920px) 100vw, 1920px\" \/><\/a><\/figure>\n<\/div>","protected":false},"excerpt":{"rendered":"<p>Pharmapad\u00ae Carbon Descripci\u00f3n Pharmapad\u00ae Carbon es un ap\u00f3sito delgado con una capa de carb\u00f3n activado, dise\u00f1ado como soluci\u00f3n para el manejo de heridas f\u00e9tidas. Caracter\u00edsticas [&hellip;]<\/p>\n","protected":false},"author":5,"featured_media":1590,"parent":0,"menu_order":0,"comment_status":"closed","ping_status":"closed","template":"","meta":{"_acf_changed":false,"footnotes":""},"class_list":["post-1661","page","type-page","status-publish","has-post-thumbnail","hentry"],"acf":[],"_links":{"self":[{"href":"https:\/\/apiter.com\/en\/wp-json\/wp\/v2\/pages\/1661","targetHints":{"allow":["GET"]}}],"collection":[{"href":"https:\/\/apiter.com\/en\/wp-json\/wp\/v2\/pages"}],"about":[{"href":"https:\/\/apiter.com\/en\/wp-json\/wp\/v2\/types\/page"}],"author":[{"embeddable":true,"href":"https:\/\/apiter.com\/en\/wp-json\/wp\/v2\/users\/5"}],"replies":[{"embeddable":true,"href":"https:\/\/apiter.com\/en\/wp-json\/wp\/v2\/comments?post=1661"}],"version-history":[{"count":2,"href":"https:\/\/apiter.com\/en\/wp-json\/wp\/v2\/pages\/1661\/revisions"}],"predecessor-version":[{"id":1665,"href":"https:\/\/apiter.com\/en\/wp-json\/wp\/v2\/pages\/1661\/revisions\/1665"}],"wp:featuredmedia":[{"embeddable":true,"href":"https:\/\/apiter.com\/en\/wp-json\/wp\/v2\/media\/1590"}],"wp:attachment":[{"href":"https:\/\/apiter.com\/en\/wp-json\/wp\/v2\/media?parent=1661"}],"curies":[{"name":"wp","href":"https:\/\/api.w.org\/{rel}","templated":true}]}}