{"id":1644,"date":"2025-08-07T17:13:46","date_gmt":"2025-08-07T20:13:46","guid":{"rendered":"https:\/\/apiter.com\/?page_id=1644"},"modified":"2025-08-07T17:32:33","modified_gmt":"2025-08-07T20:32:33","slug":"pharmapad-silver","status":"publish","type":"page","link":"https:\/\/apiter.com\/en\/pharmapad-silver\/","title":{"rendered":"Pharmapad Silver"},"content":{"rendered":"\n<div class=\"wp-block-columns are-vertically-aligned-top wp-template-pd is-layout-flex wp-container-core-columns-is-layout-9d6595d7 wp-block-columns-is-layout-flex\">\n<div class=\"wp-block-column is-vertically-aligned-top is-layout-flow wp-block-column-is-layout-flow\">\n<figure class=\"wp-block-image size-full\"><img loading=\"lazy\" decoding=\"async\" width=\"1024\" height=\"1024\" src=\"http:\/\/apiter.com\/wp-content\/uploads\/2025\/08\/silver-apiter.jpg\" alt=\"Silver\" class=\"wp-image-1528\" srcset=\"https:\/\/apiter.com\/wp-content\/uploads\/2025\/08\/silver-apiter.jpg 1024w, https:\/\/apiter.com\/wp-content\/uploads\/2025\/08\/silver-apiter-514x514.jpg 514w, https:\/\/apiter.com\/wp-content\/uploads\/2025\/08\/silver-apiter-150x150.jpg 150w\" sizes=\"auto, (max-width: 1024px) 100vw, 1024px\" \/><\/figure>\n<\/div>\n\n\n\n<div class=\"wp-block-column is-vertically-aligned-top is-layout-flow wp-block-column-is-layout-flow\">\n<h2 class=\"wp-block-heading has-orange-color has-text-color has-link-color wp-elements-b51d3ff65e2d0fc92f1cbe86663c3f81\"><strong>Pharmapad\u00ae Silver<\/strong><\/h2>\n\n\n\n<p>Descripci\u00f3n<\/p>\n\n\n\n<hr class=\"wp-block-separator has-text-color has-grey-light-color has-alpha-channel-opacity has-grey-light-background-color has-background\"\/>\n\n\n\n<p>Ap\u00f3sito de <strong>construcci\u00f3n bilaminada<\/strong>, elaborado con <strong>material no tejido absorbente<\/strong>, laminado con <strong>HDPE (polietileno de alta densidad)<\/strong> de color plata.<br>La capa no tejida contiene <strong>plata<\/strong> en forma de <strong>fosfato de sodio zirconio plata<\/strong>.<\/p>\n\n\n\n<h2 class=\"wp-block-heading\"><strong>Caracter\u00edsticas<\/strong><\/h2>\n\n\n\n<ul class=\"wp-block-list\">\n<li><strong>Barrera antimicrobiana<\/strong> que previene la colonizaci\u00f3n en el ap\u00f3sito.<\/li>\n\n\n\n<li><strong>Profilaxis contra infecciones<\/strong>, especialmente en heridas con alto riesgo.<\/li>\n\n\n\n<li><strong>Biocompatible<\/strong> y conforme a la norma <strong>ISO 10993<\/strong>.<\/li>\n\n\n\n<li>No adherente, lo que facilita su retiro sin dolor.<\/li>\n<\/ul>\n\n\n\n<div class=\"wp-block-columns wp-template-pd is-layout-flex wp-container-core-columns-is-layout-9d6595d7 wp-block-columns-is-layout-flex\">\n<div class=\"wp-block-column is-layout-flow wp-block-column-is-layout-flow\">\n<h2 class=\"wp-block-heading\"><strong>Indicaciones<\/strong><\/h2>\n\n\n\n<p>Apto para el tratamiento de:<\/p>\n\n\n\n<ul class=\"wp-block-list\">\n<li><strong>Heridas secas<\/strong> o con <strong>drenaje m\u00ednimo<\/strong><\/li>\n\n\n\n<li><strong>\u00dalceras por presi\u00f3n parcial de espesor<\/strong><\/li>\n\n\n\n<li><strong>Quemaduras de primer y segundo grado<\/strong><\/li>\n<\/ul>\n<\/div>\n\n\n\n<div class=\"wp-block-column is-layout-flow wp-block-column-is-layout-flow\">\n<h2 class=\"wp-block-heading\"><strong>Contraindicaciones<\/strong><\/h2>\n\n\n\n<ul class=\"wp-block-list\">\n<li>No presenta <strong>contraindicaciones absolutas<\/strong>.<\/li>\n\n\n\n<li>No usar en pacientes con <strong>hipersensibilidad<\/strong> a alguno de sus componentes.<\/li>\n\n\n\n<li>En reci\u00e9n nacidos o beb\u00e9s, el uso debe ser <strong>limitado<\/strong> y bajo supervisi\u00f3n m\u00e9dica.<\/li>\n<\/ul>\n<\/div>\n<\/div>\n\n\n\n<hr class=\"wp-block-separator has-text-color has-grey-light-color has-alpha-channel-opacity has-grey-light-background-color has-background\"\/>\n\n\n\n<figure class=\"wp-block-image size-full is-style-default\"><img loading=\"lazy\" decoding=\"async\" width=\"1000\" height=\"444\" src=\"http:\/\/apiter.com\/wp-content\/uploads\/2025\/08\/img_-apiter.jpg\" alt=\"Img \" class=\"wp-image-1654\" srcset=\"https:\/\/apiter.com\/wp-content\/uploads\/2025\/08\/img_-apiter.jpg 1000w, https:\/\/apiter.com\/wp-content\/uploads\/2025\/08\/img_-apiter-685x304.jpg 685w\" sizes=\"auto, (max-width: 1000px) 100vw, 1000px\" \/><\/figure>\n\n\n\n<div style=\"height:45px\" aria-hidden=\"true\" class=\"wp-block-spacer\"><\/div>\n\n\n\n<h3 class=\"wp-block-heading\"><strong>Mecanismo de acci\u00f3n de la plata<\/strong><\/h3>\n\n\n\n<ol class=\"wp-block-list\">\n<li><strong>Contacto inicial<\/strong>: El fluido de la herida pasa a trav\u00e9s de las perforaciones hasta la capa en contacto con la herida y la almohadilla que contiene plata.<\/li>\n\n\n\n<li><strong>Activaci\u00f3n<\/strong>: El fluido activa la plata dentro del ap\u00f3sito.<\/li>\n\n\n\n<li><strong>Acci\u00f3n antimicrobiana<\/strong>:\n<ul class=\"wp-block-list\">\n<li>Los <strong>iones de plata (Ag\u207a)<\/strong> se transfieren a la superficie de los microorganismos.<\/li>\n\n\n\n<li>La absorci\u00f3n de iones por la c\u00e9lula microbiana puede ocurrir por difusi\u00f3n pasiva o transporte activo.<\/li>\n\n\n\n<li>Una vez dentro de la c\u00e9lula, los iones interrumpen funciones cr\u00edticas, inactivando enzimas y destruyendo prote\u00ednas esenciales, lo que provoca la <strong>muerte r\u00e1pida del microorganismo<\/strong>.<\/li>\n<\/ul>\n<\/li>\n<\/ol>\n\n\n\n<blockquote class=\"wp-block-quote is-layout-flow wp-block-quote-is-layout-flow\">\n<p>Importante: Los iones de plata no son migratorios; act\u00faan \u00fanicamente en la superficie de la almohadilla en contacto directo con la herida, evitando filtraciones fuera del ap\u00f3sito.<\/p>\n<\/blockquote>\n<\/div>\n<\/div>\n\n\n\n<div style=\"height:100px\" aria-hidden=\"true\" class=\"wp-block-spacer\"><\/div>\n\n\n<div class=\"wp-block-image is-style-default imghid\">\n<figure class=\"aligncenter size-large\"><a href=\"https:\/\/apiter.com\/pharmaplast\/\"><img loading=\"lazy\" decoding=\"async\" width=\"1920\" height=\"318\" src=\"http:\/\/apiter.com\/wp-content\/uploads\/2025\/08\/banerr2-apiter-1-1920x318.jpg\" alt=\"Banerr2\" class=\"wp-image-1613\" srcset=\"https:\/\/apiter.com\/wp-content\/uploads\/2025\/08\/banerr2-apiter-1-1920x318.jpg 1920w, https:\/\/apiter.com\/wp-content\/uploads\/2025\/08\/banerr2-apiter-1-685x114.jpg 685w\" sizes=\"auto, (max-width: 1920px) 100vw, 1920px\" \/><\/a><\/figure>\n<\/div>","protected":false},"excerpt":{"rendered":"<p>Pharmapad\u00ae Silver Descripci\u00f3n Ap\u00f3sito de construcci\u00f3n bilaminada, elaborado con material no tejido absorbente, laminado con HDPE (polietileno de alta densidad) de color plata.La capa no [&hellip;]<\/p>\n","protected":false},"author":5,"featured_media":1590,"parent":0,"menu_order":0,"comment_status":"closed","ping_status":"closed","template":"","meta":{"_acf_changed":false,"footnotes":""},"class_list":["post-1644","page","type-page","status-publish","has-post-thumbnail","hentry"],"acf":[],"_links":{"self":[{"href":"https:\/\/apiter.com\/en\/wp-json\/wp\/v2\/pages\/1644","targetHints":{"allow":["GET"]}}],"collection":[{"href":"https:\/\/apiter.com\/en\/wp-json\/wp\/v2\/pages"}],"about":[{"href":"https:\/\/apiter.com\/en\/wp-json\/wp\/v2\/types\/page"}],"author":[{"embeddable":true,"href":"https:\/\/apiter.com\/en\/wp-json\/wp\/v2\/users\/5"}],"replies":[{"embeddable":true,"href":"https:\/\/apiter.com\/en\/wp-json\/wp\/v2\/comments?post=1644"}],"version-history":[{"count":8,"href":"https:\/\/apiter.com\/en\/wp-json\/wp\/v2\/pages\/1644\/revisions"}],"predecessor-version":[{"id":1660,"href":"https:\/\/apiter.com\/en\/wp-json\/wp\/v2\/pages\/1644\/revisions\/1660"}],"wp:featuredmedia":[{"embeddable":true,"href":"https:\/\/apiter.com\/en\/wp-json\/wp\/v2\/media\/1590"}],"wp:attachment":[{"href":"https:\/\/apiter.com\/en\/wp-json\/wp\/v2\/media?parent=1644"}],"curies":[{"name":"wp","href":"https:\/\/api.w.org\/{rel}","templated":true}]}}