{"id":1637,"date":"2025-08-07T17:08:02","date_gmt":"2025-08-07T20:08:02","guid":{"rendered":"https:\/\/apiter.com\/?page_id=1637"},"modified":"2025-08-07T17:10:13","modified_gmt":"2025-08-07T20:10:13","slug":"pharma-algi","status":"publish","type":"page","link":"https:\/\/apiter.com\/en\/pharma-algi\/","title":{"rendered":"Pharma &#8211; Algi"},"content":{"rendered":"\n<div class=\"wp-block-columns are-vertically-aligned-top wp-template-pd is-layout-flex wp-container-core-columns-is-layout-9d6595d7 wp-block-columns-is-layout-flex\">\n<div class=\"wp-block-column is-vertically-aligned-top is-layout-flow wp-block-column-is-layout-flow\">\n<figure class=\"wp-block-image size-full\"><img loading=\"lazy\" decoding=\"async\" width=\"1024\" height=\"1024\" src=\"http:\/\/apiter.com\/wp-content\/uploads\/2025\/08\/pharmaAlgi-apiter.jpg\" alt=\"Pharmaalgi\" class=\"wp-image-1526\" srcset=\"https:\/\/apiter.com\/wp-content\/uploads\/2025\/08\/pharmaAlgi-apiter.jpg 1024w, https:\/\/apiter.com\/wp-content\/uploads\/2025\/08\/pharmaAlgi-apiter-514x514.jpg 514w, https:\/\/apiter.com\/wp-content\/uploads\/2025\/08\/pharmaAlgi-apiter-150x150.jpg 150w\" sizes=\"auto, (max-width: 1024px) 100vw, 1024px\" \/><\/figure>\n<\/div>\n\n\n\n<div class=\"wp-block-column is-vertically-aligned-top is-layout-flow wp-block-column-is-layout-flow\">\n<h2 class=\"wp-block-heading has-orange-color has-text-color has-link-color wp-elements-094666fc1d8bcc082071a143f727431c\"><strong>Pharma &#8211; Algi\u00ae<\/strong><\/h2>\n\n\n\n<p>Descripci\u00f3n<\/p>\n\n\n\n<hr class=\"wp-block-separator has-text-color has-grey-light-color has-alpha-channel-opacity has-grey-light-background-color has-background\"\/>\n\n\n\n<p><strong>Pharma &#8211; Algi\u00ae<\/strong> es un <strong>ap\u00f3sito absorbente y hemost\u00e1tico<\/strong>, elaborado con una tela absorbente no tejida, <strong>laminada con Alginato de sodio y Alginato de calcio<\/strong>, recubierta con una capa <strong>no adherente<\/strong> que est\u00e1 en contacto con la herida.<\/p>\n\n\n\n<h2 class=\"wp-block-heading\"><strong>Beneficios<\/strong><\/h2>\n\n\n\n<ul class=\"wp-block-list\">\n<li><strong>Alta capacidad de absorci\u00f3n<\/strong>: Ideal para heridas de <strong>alta exudaci\u00f3n<\/strong>, gracias a la absorci\u00f3n de las fibras no tejidas y del alginato de sodio en polvo.<\/li>\n\n\n\n<li><strong>Efecto hemost\u00e1tico<\/strong>: Detiene el sangrado gracias al alginato de calcio, cuyos iones se intercambian con los de sodio de la sangre, contribuyendo a la <strong>gelificaci\u00f3n<\/strong> y absorci\u00f3n del exudado.<\/li>\n\n\n\n<li><strong>Iones de calcio esenciales<\/strong>: Favorecen el proceso de coagulaci\u00f3n, ayudando a detener el sangrado.<\/li>\n\n\n\n<li><strong>\u00d3ptimo ambiente de curaci\u00f3n<\/strong>: Al contacto con el exudado, el alginato de sodio <strong>gelifica r\u00e1pidamente<\/strong>, cubriendo la lesi\u00f3n y creando un <strong>microambiente<\/strong> que promueve la cicatrizaci\u00f3n y formaci\u00f3n de tejido de granulaci\u00f3n.<\/li>\n<\/ul>\n\n\n\n<hr class=\"wp-block-separator has-text-color has-grey-light-color has-alpha-channel-opacity has-grey-light-background-color has-background\"\/>\n\n\n\n<h2 class=\"wp-block-heading\"><strong>Caracter\u00edsticas<\/strong><\/h2>\n\n\n\n<ul class=\"wp-block-list\">\n<li>Alta absorci\u00f3n por <strong>capilaridad<\/strong> y por el alginato de sodio (altamente gelificante).<\/li>\n\n\n\n<li><strong>Hemost\u00e1tico<\/strong>: Previene la adherencia del ap\u00f3sito a la herida.<\/li>\n\n\n\n<li>Mantiene un <strong>ambiente h\u00famedo ideal<\/strong> para la cicatrizaci\u00f3n.<\/li>\n\n\n\n<li><strong>Adaptable<\/strong> a cualquier tipo de herida.<\/li>\n\n\n\n<li>Reduce el dolor al retirar, gracias a su textura suave y flexible.<\/li>\n<\/ul>\n\n\n\n<hr class=\"wp-block-separator has-text-color has-grey-light-color has-alpha-channel-opacity has-grey-light-background-color has-background\"\/>\n\n\n\n<div class=\"wp-block-columns wp-template-pd is-layout-flex wp-container-core-columns-is-layout-9d6595d7 wp-block-columns-is-layout-flex\">\n<div class=\"wp-block-column is-layout-flow wp-block-column-is-layout-flow\">\n<h2 class=\"wp-block-heading\"><strong>Indicaciones<\/strong><\/h2>\n\n\n\n<p>Apto para uso como ap\u00f3sito primario en heridas de espesor completo o parcial, con <strong>exudado moderado a fuerte<\/strong>, y que pueden presentar sangrado leve:<\/p>\n\n\n\n<ul class=\"wp-block-list\">\n<li>\u00dalceras por presi\u00f3n<\/li>\n\n\n\n<li>\u00dalceras venosas o arteriales<\/li>\n\n\n\n<li>Heridas traum\u00e1ticas<\/li>\n\n\n\n<li>Heridas posquir\u00fargicas<\/li>\n\n\n\n<li>Quemaduras uniformes<\/li>\n<\/ul>\n<\/div>\n\n\n\n<div class=\"wp-block-column is-layout-flow wp-block-column-is-layout-flow\">\n<h2 class=\"wp-block-heading\"><strong>Contraindicaciones<\/strong><\/h2>\n\n\n\n<ul class=\"wp-block-list\">\n<li><strong>Heridas secas<\/strong> o con <strong>baja exudaci\u00f3n<\/strong><\/li>\n\n\n\n<li><strong>Quemaduras de 3er grado<\/strong><\/li>\n<\/ul>\n<\/div>\n<\/div>\n<\/div>\n<\/div>\n\n\n\n<div style=\"height:100px\" aria-hidden=\"true\" class=\"wp-block-spacer\"><\/div>\n\n\n<div class=\"wp-block-image is-style-default imghid\">\n<figure class=\"aligncenter size-large\"><a href=\"https:\/\/apiter.com\/pharmaplast\/\"><img loading=\"lazy\" decoding=\"async\" width=\"1920\" height=\"318\" src=\"http:\/\/apiter.com\/wp-content\/uploads\/2025\/08\/banerr2-apiter-1-1920x318.jpg\" alt=\"Banerr2\" class=\"wp-image-1613\" srcset=\"https:\/\/apiter.com\/wp-content\/uploads\/2025\/08\/banerr2-apiter-1-1920x318.jpg 1920w, https:\/\/apiter.com\/wp-content\/uploads\/2025\/08\/banerr2-apiter-1-685x114.jpg 685w\" sizes=\"auto, (max-width: 1920px) 100vw, 1920px\" \/><\/a><\/figure>\n<\/div>","protected":false},"excerpt":{"rendered":"<p>Pharma &#8211; Algi\u00ae Descripci\u00f3n Pharma &#8211; Algi\u00ae es un ap\u00f3sito absorbente y hemost\u00e1tico, elaborado con una tela absorbente no tejida, laminada con Alginato de sodio [&hellip;]<\/p>\n","protected":false},"author":5,"featured_media":1590,"parent":0,"menu_order":0,"comment_status":"closed","ping_status":"closed","template":"","meta":{"_acf_changed":false,"footnotes":""},"class_list":["post-1637","page","type-page","status-publish","has-post-thumbnail","hentry"],"acf":[],"_links":{"self":[{"href":"https:\/\/apiter.com\/en\/wp-json\/wp\/v2\/pages\/1637","targetHints":{"allow":["GET"]}}],"collection":[{"href":"https:\/\/apiter.com\/en\/wp-json\/wp\/v2\/pages"}],"about":[{"href":"https:\/\/apiter.com\/en\/wp-json\/wp\/v2\/types\/page"}],"author":[{"embeddable":true,"href":"https:\/\/apiter.com\/en\/wp-json\/wp\/v2\/users\/5"}],"replies":[{"embeddable":true,"href":"https:\/\/apiter.com\/en\/wp-json\/wp\/v2\/comments?post=1637"}],"version-history":[{"count":4,"href":"https:\/\/apiter.com\/en\/wp-json\/wp\/v2\/pages\/1637\/revisions"}],"predecessor-version":[{"id":1643,"href":"https:\/\/apiter.com\/en\/wp-json\/wp\/v2\/pages\/1637\/revisions\/1643"}],"wp:featuredmedia":[{"embeddable":true,"href":"https:\/\/apiter.com\/en\/wp-json\/wp\/v2\/media\/1590"}],"wp:attachment":[{"href":"https:\/\/apiter.com\/en\/wp-json\/wp\/v2\/media?parent=1637"}],"curies":[{"name":"wp","href":"https:\/\/api.w.org\/{rel}","templated":true}]}}