{"id":1632,"date":"2025-08-07T16:59:33","date_gmt":"2025-08-07T19:59:33","guid":{"rendered":"https:\/\/apiter.com\/?page_id=1632"},"modified":"2025-08-07T17:05:08","modified_gmt":"2025-08-07T20:05:08","slug":"espuma-sealed-edges","status":"publish","type":"page","link":"https:\/\/apiter.com\/en\/espuma-sealed-edges\/","title":{"rendered":"Espuma Sealed Edges"},"content":{"rendered":"\n<div class=\"wp-block-columns are-vertically-aligned-top wp-template-pd is-layout-flex wp-container-core-columns-is-layout-9d6595d7 wp-block-columns-is-layout-flex\">\n<div class=\"wp-block-column is-vertically-aligned-top is-layout-flow wp-block-column-is-layout-flow\">\n<figure class=\"wp-block-image size-full\"><img loading=\"lazy\" decoding=\"async\" width=\"1024\" height=\"1024\" src=\"http:\/\/apiter.com\/wp-content\/uploads\/2025\/07\/2-apiter-2.jpg\" alt=\"2\" class=\"wp-image-1418\" srcset=\"https:\/\/apiter.com\/wp-content\/uploads\/2025\/07\/2-apiter-2.jpg 1024w, https:\/\/apiter.com\/wp-content\/uploads\/2025\/07\/2-apiter-2-514x514.jpg 514w, https:\/\/apiter.com\/wp-content\/uploads\/2025\/07\/2-apiter-2-150x150.jpg 150w\" sizes=\"auto, (max-width: 1024px) 100vw, 1024px\" \/><\/figure>\n<\/div>\n\n\n\n<div class=\"wp-block-column is-vertically-aligned-top is-layout-flow wp-block-column-is-layout-flow\">\n<h2 class=\"wp-block-heading has-orange-color has-text-color has-link-color wp-elements-cebfb1c6075cb43e1c9c079441ef965e\"><strong>Espuma\u00ae \/ Espuma\u00ae Sealed Edges<\/strong><\/h2>\n\n\n\n<p>Descripci\u00f3n<\/p>\n\n\n\n<hr class=\"wp-block-separator has-text-color has-grey-light-color has-alpha-channel-opacity has-grey-light-background-color has-background\"\/>\n\n\n\n<p><strong>Espuma\u00ae Non-Adhesive<\/strong>: Hecha de <strong>espuma de poliuretano suave, espesa y el\u00e1stica<\/strong>, laminada con una pel\u00edcula exterior de poliuretano <strong>m\u00e1s permeable<\/strong>.<\/p>\n\n\n\n<p><strong>Espuma\u00ae Adhesive<\/strong>: Compuesta por <strong>espuma de poliuretano suave, espesa y el\u00e1stica<\/strong> en forma de almohadilla, con un borde de <strong>poliuretano adhesivo permeable<\/strong> que facilita su fijaci\u00f3n sin necesidad de un ap\u00f3sito secundario o cinta.<\/p>\n\n\n\n<ul class=\"wp-block-list\">\n<li>La almohadilla central est\u00e1 laminada con una <strong>pel\u00edcula de poliuretano perforado<\/strong> que evita la adherencia al lecho de la lesi\u00f3n, permitiendo una extracci\u00f3n f\u00e1cil y sin dolor.<\/li>\n<\/ul>\n\n\n\n<p><strong>Espuma\u00ae Sealed Edges<\/strong>: Vendaje <strong>trilaminado con bordes sellados<\/strong>, que act\u00faa como una <strong>barrera contra la filtraci\u00f3n lateral<\/strong> del exudado, previniendo la saturaci\u00f3n de la espuma y la compresi\u00f3n.<\/p>\n\n\n\n<p>Una capa exterior de <strong>espuma de Hollister<\/strong> que act\u00faa como un <strong>colch\u00f3n mullido y confortable<\/strong>.<\/p>\n\n\n\n<h2 class=\"wp-block-heading\"><strong>Beneficios<\/strong><\/h2>\n\n\n\n<ul class=\"wp-block-list\">\n<li><strong>R\u00e1pida absorci\u00f3n<\/strong> del exudado por capilaridad (retiene el <strong>90%<\/strong> del exudado bajo compresi\u00f3n).<\/li>\n\n\n\n<li><strong>Alta permeabilidad<\/strong> a gases y vapor de agua.<\/li>\n\n\n\n<li>Mantiene un ambiente <strong>h\u00famedo y c\u00e1lido<\/strong> en la herida, favoreciendo la <strong>granulaci\u00f3n<\/strong> y <strong>autodebridamiento<\/strong>.<\/li>\n<\/ul>\n\n\n\n<div class=\"wp-block-columns wp-template-pd is-layout-flex wp-container-core-columns-is-layout-9d6595d7 wp-block-columns-is-layout-flex\">\n<div class=\"wp-block-column is-layout-flow wp-block-column-is-layout-flow\">\n<h2 class=\"wp-block-heading\"><strong>Indicaciones<\/strong><\/h2>\n\n\n\n<p><strong>Espuma\u00ae<\/strong> y <strong>Espuma\u00ae Sealed Edges<\/strong> se utilizan para <strong>cubrir heridas con alto grado de exudaci\u00f3n<\/strong>.<\/p>\n<\/div>\n\n\n\n<div class=\"wp-block-column is-layout-flow wp-block-column-is-layout-flow\">\n<h2 class=\"wp-block-heading\"><strong>Contraindicaciones<\/strong><\/h2>\n\n\n\n<ul class=\"wp-block-list\">\n<li>No aplicar sobre <strong>heridas secas<\/strong> o <strong>tejidos necr\u00f3ticos<\/strong>.<\/li>\n\n\n\n<li>No utilizar como ap\u00f3sito primario en <strong>heridas infectadas<\/strong> ni en <strong>exposici\u00f3n de hueso o tend\u00f3n<\/strong>.<\/li>\n\n\n\n<li><strong>Espuma\u00ae Sealed Edges<\/strong>: Evitar el uso con <strong>oxidantes como hipoclorito o per\u00f3xido de hidr\u00f3geno<\/strong>, ya que pueden reaccionar con el componente absorbente.<\/li>\n<\/ul>\n<\/div>\n<\/div>\n<\/div>\n<\/div>\n\n\n\n<div style=\"height:100px\" aria-hidden=\"true\" class=\"wp-block-spacer\"><\/div>\n\n\n<div class=\"wp-block-image is-style-default imghid\">\n<figure class=\"aligncenter size-large\"><a href=\"https:\/\/apiter.com\/pharmaplast\/\"><img loading=\"lazy\" decoding=\"async\" width=\"1920\" height=\"318\" src=\"http:\/\/apiter.com\/wp-content\/uploads\/2025\/08\/banerr2-apiter-1-1920x318.jpg\" alt=\"Banerr2\" class=\"wp-image-1613\" srcset=\"https:\/\/apiter.com\/wp-content\/uploads\/2025\/08\/banerr2-apiter-1-1920x318.jpg 1920w, https:\/\/apiter.com\/wp-content\/uploads\/2025\/08\/banerr2-apiter-1-685x114.jpg 685w\" sizes=\"auto, (max-width: 1920px) 100vw, 1920px\" \/><\/a><\/figure>\n<\/div>","protected":false},"excerpt":{"rendered":"<p>Espuma\u00ae \/ Espuma\u00ae Sealed Edges Descripci\u00f3n Espuma\u00ae Non-Adhesive: Hecha de espuma de poliuretano suave, espesa y el\u00e1stica, laminada con una pel\u00edcula exterior de poliuretano m\u00e1s [&hellip;]<\/p>\n","protected":false},"author":5,"featured_media":1590,"parent":0,"menu_order":0,"comment_status":"closed","ping_status":"closed","template":"","meta":{"_acf_changed":false,"footnotes":""},"class_list":["post-1632","page","type-page","status-publish","has-post-thumbnail","hentry"],"acf":[],"_links":{"self":[{"href":"https:\/\/apiter.com\/en\/wp-json\/wp\/v2\/pages\/1632","targetHints":{"allow":["GET"]}}],"collection":[{"href":"https:\/\/apiter.com\/en\/wp-json\/wp\/v2\/pages"}],"about":[{"href":"https:\/\/apiter.com\/en\/wp-json\/wp\/v2\/types\/page"}],"author":[{"embeddable":true,"href":"https:\/\/apiter.com\/en\/wp-json\/wp\/v2\/users\/5"}],"replies":[{"embeddable":true,"href":"https:\/\/apiter.com\/en\/wp-json\/wp\/v2\/comments?post=1632"}],"version-history":[{"count":4,"href":"https:\/\/apiter.com\/en\/wp-json\/wp\/v2\/pages\/1632\/revisions"}],"predecessor-version":[{"id":1638,"href":"https:\/\/apiter.com\/en\/wp-json\/wp\/v2\/pages\/1632\/revisions\/1638"}],"wp:featuredmedia":[{"embeddable":true,"href":"https:\/\/apiter.com\/en\/wp-json\/wp\/v2\/media\/1590"}],"wp:attachment":[{"href":"https:\/\/apiter.com\/en\/wp-json\/wp\/v2\/media?parent=1632"}],"curies":[{"name":"wp","href":"https:\/\/api.w.org\/{rel}","templated":true}]}}