{"id":1546,"date":"2025-08-06T12:38:41","date_gmt":"2025-08-06T15:38:41","guid":{"rendered":"https:\/\/apiter.com\/?page_id=1546"},"modified":"2025-08-07T16:08:05","modified_gmt":"2025-08-07T19:08:05","slug":"pharmacoll","status":"publish","type":"page","link":"https:\/\/apiter.com\/en\/pharmacoll\/","title":{"rendered":"Pharmacoll"},"content":{"rendered":"\n<div class=\"wp-block-columns are-vertically-aligned-top wp-template-pd is-layout-flex wp-container-core-columns-is-layout-9d6595d7 wp-block-columns-is-layout-flex\">\n<div class=\"wp-block-column is-vertically-aligned-top is-layout-flow wp-block-column-is-layout-flow\">\n<figure class=\"wp-block-image size-full\"><img loading=\"lazy\" decoding=\"async\" width=\"1024\" height=\"1024\" src=\"http:\/\/apiter.com\/wp-content\/uploads\/2025\/07\/Productos-medicos-adhesivos-en-detalle-apiter-3.jpg\" alt=\"Productos M\u00e9dicos Adhesivos En Detalle\" class=\"wp-image-1439\" srcset=\"https:\/\/apiter.com\/wp-content\/uploads\/2025\/07\/Productos-medicos-adhesivos-en-detalle-apiter-3.jpg 1024w, https:\/\/apiter.com\/wp-content\/uploads\/2025\/07\/Productos-medicos-adhesivos-en-detalle-apiter-3-514x514.jpg 514w, https:\/\/apiter.com\/wp-content\/uploads\/2025\/07\/Productos-medicos-adhesivos-en-detalle-apiter-3-150x150.jpg 150w\" sizes=\"auto, (max-width: 1024px) 100vw, 1024px\" \/><\/figure>\n<\/div>\n\n\n\n<div class=\"wp-block-column is-vertically-aligned-top is-layout-flow wp-block-column-is-layout-flow\">\n<h2 class=\"wp-block-heading has-orange-color has-text-color has-link-color wp-elements-627fe9c56998ddae17fafb87d6484111\"><strong>Pharmacoll\u00ae<\/strong><\/h2>\n\n\n\n<p>Descripci\u00f3n<\/p>\n\n\n\n<hr class=\"wp-block-separator has-text-color has-grey-light-color has-alpha-channel-opacity has-grey-light-background-color has-background\"\/>\n\n\n\n<p><strong>Pharmacoll\u00ae<\/strong> es un vendaje hidrocoloide adhesivo para heridas, laminado de poliuretano semipermeable, resistente a las bacterias y al agua.<br><strong>No contiene gelatina.<\/strong><\/p>\n\n\n\n<p><strong>Pharmacoll\u00ae Comfort<\/strong> incluye un reborde de pel\u00edcula de poliuretano adhesivo.<\/p>\n\n\n\n<p>Al absorber los exudados de la herida, <strong>Pharmacoll\u00ae<\/strong> forma un gel que genera un entorno h\u00famedo ideal para favorecer la <strong>granulaci\u00f3n<\/strong> y la <strong>epitelizaci\u00f3n<\/strong>. Adem\u00e1s, este gel impide que el vendaje se adhiera a la herida, permitiendo retirarlo sin dolor y sin da\u00f1ar el tejido de granulaci\u00f3n ni el epitelial.<\/p>\n\n\n\n<h2 class=\"wp-block-heading\"><strong>Beneficios<\/strong><\/h2>\n\n\n\n<ul class=\"wp-block-list\">\n<li>Al no contener gelatina, <strong>minimiza el riesgo de alergias<\/strong> y la aparici\u00f3n de olores.<\/li>\n\n\n\n<li>El revestimiento de poliuretano <strong>protege de la humedad y de las bacterias<\/strong>.<\/li>\n\n\n\n<li><strong>Gran capacidad de absorci\u00f3n<\/strong>, con diferentes espesores disponibles:\n<ul class=\"wp-block-list\">\n<li>0,3 mm<\/li>\n\n\n\n<li>0,6 mm<\/li>\n\n\n\n<li>1 mm<\/li>\n<\/ul>\n<\/li>\n\n\n\n<li>Su <strong>transparencia<\/strong> permite observar f\u00e1cilmente la evoluci\u00f3n de la herida sin retirar el ap\u00f3sito.<\/li>\n<\/ul>\n\n\n\n<div class=\"wp-block-columns wp-template-pd is-layout-flex wp-container-core-columns-is-layout-9d6595d7 wp-block-columns-is-layout-flex\">\n<div class=\"wp-block-column is-layout-flow wp-block-column-is-layout-flow\">\n<h2 class=\"wp-block-heading\"><strong>Indicaciones<\/strong><\/h2>\n\n\n\n<p><strong>Pharmacoll\u00ae<\/strong> es ideal para la cura h\u00fameda de heridas y est\u00e1 indicado en:<\/p>\n\n\n\n<ul class=\"wp-block-list\">\n<li>Quemaduras de segundo grado con exudaci\u00f3n ligera o moderada<\/li>\n\n\n\n<li>\u00dalceras en piernas<\/li>\n\n\n\n<li>\u00dalceras por presi\u00f3n<\/li>\n\n\n\n<li>Heridas de cicatrizaci\u00f3n lenta cr\u00f3nica<\/li>\n\n\n\n<li>Abrasiones<\/li>\n<\/ul>\n<\/div>\n\n\n\n<div class=\"wp-block-column is-layout-flow wp-block-column-is-layout-flow\">\n<h2 class=\"wp-block-heading\"><strong>Contraindicaciones<\/strong><\/h2>\n\n\n\n<p>No debe utilizarse en:<\/p>\n\n\n\n<ul class=\"wp-block-list\">\n<li><strong>Quemaduras de tercer grado<\/strong><\/li>\n\n\n\n<li><strong>Fracturas abiertas con exposici\u00f3n de m\u00fasculo, hueso o tend\u00f3n<\/strong><\/li>\n\n\n\n<li><strong>Heridas infectadas<\/strong><\/li>\n<\/ul>\n\n\n\n<p>Adem\u00e1s, se debe observar la coloraci\u00f3n y el volumen del exudado, ya que pueden indicar la necesidad de reemplazar el ap\u00f3sito.<\/p>\n<\/div>\n<\/div>\n<\/div>\n<\/div>\n\n\n\n<div style=\"height:100px\" aria-hidden=\"true\" class=\"wp-block-spacer\"><\/div>\n\n\n<div class=\"wp-block-image is-style-default imghid\">\n<figure class=\"aligncenter size-large\"><a href=\"https:\/\/apiter.com\/pharmaplast\/\"><img loading=\"lazy\" decoding=\"async\" width=\"1920\" height=\"318\" src=\"http:\/\/apiter.com\/wp-content\/uploads\/2025\/08\/banerr2-apiter-1-1920x318.jpg\" alt=\"Banerr2\" class=\"wp-image-1613\" srcset=\"https:\/\/apiter.com\/wp-content\/uploads\/2025\/08\/banerr2-apiter-1-1920x318.jpg 1920w, https:\/\/apiter.com\/wp-content\/uploads\/2025\/08\/banerr2-apiter-1-685x114.jpg 685w\" sizes=\"auto, (max-width: 1920px) 100vw, 1920px\" \/><\/a><\/figure>\n<\/div>","protected":false},"excerpt":{"rendered":"<p>Pharmacoll\u00ae Descripci\u00f3n Pharmacoll\u00ae es un vendaje hidrocoloide adhesivo para heridas, laminado de poliuretano semipermeable, resistente a las bacterias y al agua.No contiene gelatina. Pharmacoll\u00ae Comfort [&hellip;]<\/p>\n","protected":false},"author":5,"featured_media":1590,"parent":0,"menu_order":0,"comment_status":"closed","ping_status":"closed","template":"","meta":{"_acf_changed":false,"footnotes":""},"class_list":["post-1546","page","type-page","status-publish","has-post-thumbnail","hentry"],"acf":[],"_links":{"self":[{"href":"https:\/\/apiter.com\/en\/wp-json\/wp\/v2\/pages\/1546","targetHints":{"allow":["GET"]}}],"collection":[{"href":"https:\/\/apiter.com\/en\/wp-json\/wp\/v2\/pages"}],"about":[{"href":"https:\/\/apiter.com\/en\/wp-json\/wp\/v2\/types\/page"}],"author":[{"embeddable":true,"href":"https:\/\/apiter.com\/en\/wp-json\/wp\/v2\/users\/5"}],"replies":[{"embeddable":true,"href":"https:\/\/apiter.com\/en\/wp-json\/wp\/v2\/comments?post=1546"}],"version-history":[{"count":38,"href":"https:\/\/apiter.com\/en\/wp-json\/wp\/v2\/pages\/1546\/revisions"}],"predecessor-version":[{"id":1627,"href":"https:\/\/apiter.com\/en\/wp-json\/wp\/v2\/pages\/1546\/revisions\/1627"}],"wp:featuredmedia":[{"embeddable":true,"href":"https:\/\/apiter.com\/en\/wp-json\/wp\/v2\/media\/1590"}],"wp:attachment":[{"href":"https:\/\/apiter.com\/en\/wp-json\/wp\/v2\/media?parent=1546"}],"curies":[{"name":"wp","href":"https:\/\/api.w.org\/{rel}","templated":true}]}}