{"id":1379,"date":"2025-07-21T16:56:38","date_gmt":"2025-07-21T19:56:38","guid":{"rendered":"https:\/\/apiter.com\/?page_id=1379"},"modified":"2025-08-13T11:30:17","modified_gmt":"2025-08-13T14:30:17","slug":"pharmaplast","status":"publish","type":"page","link":"https:\/\/apiter.com\/en\/pharmaplast\/","title":{"rendered":"Pharmaplast"},"content":{"rendered":"\n<figure class=\"wp-block-image size-full is-resized\"><img loading=\"lazy\" decoding=\"async\" width=\"250\" height=\"80\" src=\"https:\/\/apiter.com\/wp-content\/uploads\/2025\/07\/ia-apiter.png\" alt=\"Ia\" class=\"wp-image-1382\" style=\"width:250px\"\/><\/figure>\n\n\n\n<hr class=\"wp-block-separator has-text-color has-ivory-color has-alpha-channel-opacity has-ivory-background-color has-background\"\/>\n\n\n\n<div class=\"wp-block-columns grid-wraper is-layout-flex wp-container-core-columns-is-layout-9d6595d7 wp-block-columns-is-layout-flex\">\n<div class=\"wp-block-column is-layout-flow wp-block-column-is-layout-flow\">\n<figure class=\"wp-block-image size-full\"><a href=\"https:\/\/apiter.com\/pharmacoll\/\"><img loading=\"lazy\" decoding=\"async\" width=\"1024\" height=\"1024\" src=\"http:\/\/apiter.com\/wp-content\/uploads\/2025\/07\/Productos-medicos-adhesivos-en-detalle-apiter-2.jpg\" alt=\"Productos M\u00e9dicos Adhesivos En Detalle\" class=\"wp-image-1420\" srcset=\"https:\/\/apiter.com\/wp-content\/uploads\/2025\/07\/Productos-medicos-adhesivos-en-detalle-apiter-2.jpg 1024w, https:\/\/apiter.com\/wp-content\/uploads\/2025\/07\/Productos-medicos-adhesivos-en-detalle-apiter-2-514x514.jpg 514w, https:\/\/apiter.com\/wp-content\/uploads\/2025\/07\/Productos-medicos-adhesivos-en-detalle-apiter-2-150x150.jpg 150w\" sizes=\"auto, (max-width: 1024px) 100vw, 1024px\" \/><\/a><\/figure>\n\n\n\n<p><\/p>\n\n\n\n<h2 class=\"wp-block-heading\"><strong><a href=\"https:\/\/apiter.com\/pharmacoll\/\">Pharmacoll\u00ae<\/a><\/strong><\/h2>\n\n\n\n<p>Vendaje hidrocoloide semipermeable que forma un gel protector para una curaci\u00f3n h\u00fameda y retirada indolora.<\/p>\n<\/div>\n\n\n\n<div class=\"wp-block-column is-layout-flow wp-block-column-is-layout-flow\">\n<figure class=\"wp-block-image size-full\"><a href=\"https:\/\/apiter.com\/pharmacoll-cushion\/\"><img loading=\"lazy\" decoding=\"async\" width=\"1024\" height=\"1024\" src=\"http:\/\/apiter.com\/wp-content\/uploads\/2025\/07\/02-apiter-1.jpg\" alt=\"02\" class=\"wp-image-1430\" srcset=\"https:\/\/apiter.com\/wp-content\/uploads\/2025\/07\/02-apiter-1.jpg 1024w, https:\/\/apiter.com\/wp-content\/uploads\/2025\/07\/02-apiter-1-514x514.jpg 514w, https:\/\/apiter.com\/wp-content\/uploads\/2025\/07\/02-apiter-1-150x150.jpg 150w\" sizes=\"auto, (max-width: 1024px) 100vw, 1024px\" \/><\/a><\/figure>\n\n\n\n<p><\/p>\n\n\n\n<h2 class=\"wp-block-heading\"><strong><a href=\"https:\/\/apiter.com\/pharmacoll-cushion\/\">Pharmacoll\u00ae Cushion<\/a><\/strong><\/h2>\n\n\n\n<p>Ap\u00f3sito hidrocoloide 0,6 mm con respaldo de espuma Hollister mullido.<\/p>\n<\/div>\n\n\n\n<div class=\"wp-block-column is-layout-flow wp-block-column-is-layout-flow\">\n<figure class=\"wp-block-image size-full\"><a href=\"https:\/\/apiter.com\/espuma-sealed-edges\/\"><img loading=\"lazy\" decoding=\"async\" width=\"1024\" height=\"1024\" src=\"http:\/\/apiter.com\/wp-content\/uploads\/2025\/07\/03-apiter.jpg\" alt=\"03\" class=\"wp-image-1389\" srcset=\"https:\/\/apiter.com\/wp-content\/uploads\/2025\/07\/03-apiter.jpg 1024w, https:\/\/apiter.com\/wp-content\/uploads\/2025\/07\/03-apiter-514x514.jpg 514w, https:\/\/apiter.com\/wp-content\/uploads\/2025\/07\/03-apiter-150x150.jpg 150w\" sizes=\"auto, (max-width: 1024px) 100vw, 1024px\" \/><\/a><\/figure>\n\n\n\n<p><\/p>\n\n\n\n<h2 class=\"wp-block-heading\"><strong><a href=\"https:\/\/apiter.com\/espuma-sealed-edges\/\">Espuma\u00ae\/ Espuma\u00ae Sealed Edges<\/a><\/strong><\/h2>\n\n\n\n<p>Vendaje trilaminar con bordes sellados que retiene exudados y permite evaporaci\u00f3n.<\/p>\n<\/div>\n<\/div>\n\n\n\n<hr class=\"wp-block-separator has-text-color has-ivory-color has-alpha-channel-opacity has-ivory-background-color has-background\"\/>\n\n\n\n<div class=\"wp-block-columns grid-wraper is-layout-flex wp-container-core-columns-is-layout-9d6595d7 wp-block-columns-is-layout-flex\">\n<div class=\"wp-block-column is-layout-flow wp-block-column-is-layout-flow\">\n<figure class=\"wp-block-image size-full\"><a href=\"https:\/\/apiter.com\/pharma-algi\/\"><img loading=\"lazy\" decoding=\"async\" width=\"1024\" height=\"1024\" src=\"http:\/\/apiter.com\/wp-content\/uploads\/2025\/08\/pharmaAlgi-apiter.jpg\" alt=\"Pharmaalgi\" class=\"wp-image-1526\" srcset=\"https:\/\/apiter.com\/wp-content\/uploads\/2025\/08\/pharmaAlgi-apiter.jpg 1024w, https:\/\/apiter.com\/wp-content\/uploads\/2025\/08\/pharmaAlgi-apiter-514x514.jpg 514w, https:\/\/apiter.com\/wp-content\/uploads\/2025\/08\/pharmaAlgi-apiter-150x150.jpg 150w\" sizes=\"auto, (max-width: 1024px) 100vw, 1024px\" \/><\/a><\/figure>\n\n\n\n<p><\/p>\n\n\n\n<h2 class=\"wp-block-heading\"><strong><a href=\"https:\/\/apiter.com\/pharma-algi\/\">Pharma &#8211; Algi\u00ae<\/a><\/strong><\/h2>\n\n\n\n<p>Pharma &#8211; Algi\u00ae es un ap\u00f3sito absorbente y hemost\u00e1tico, constituido por una tela absorbente no tejida, laminada con Alginato de sodio y Alginato del calcio; recubierto completamente con una capa no adherente que va en contacto con la herida.<\/p>\n<\/div>\n\n\n\n<div class=\"wp-block-column is-layout-flow wp-block-column-is-layout-flow\">\n<figure class=\"wp-block-image size-full\"><a href=\"https:\/\/apiter.com\/pharmapad-silver\/\"><img loading=\"lazy\" decoding=\"async\" width=\"1024\" height=\"1024\" src=\"http:\/\/apiter.com\/wp-content\/uploads\/2025\/08\/silver-apiter.jpg\" alt=\"Silver\" class=\"wp-image-1528\" srcset=\"https:\/\/apiter.com\/wp-content\/uploads\/2025\/08\/silver-apiter.jpg 1024w, https:\/\/apiter.com\/wp-content\/uploads\/2025\/08\/silver-apiter-514x514.jpg 514w, https:\/\/apiter.com\/wp-content\/uploads\/2025\/08\/silver-apiter-150x150.jpg 150w\" sizes=\"auto, (max-width: 1024px) 100vw, 1024px\" \/><\/a><\/figure>\n\n\n\n<p><\/p>\n\n\n\n<h2 class=\"wp-block-heading\"><strong><a href=\"https:\/\/apiter.com\/pharmapad-silver\/\">Pharmapad\u00ae Silver<\/a><\/strong><\/h2>\n\n\n\n<p>Construcci\u00f3n bilaminada, hecha de material no tejido absorbente, laminada con HDPE (polietileno de alta densidad), color plata. La capa no tejida contiene plata, en forma de fosfato de sodio zirconio plata.<\/p>\n<\/div>\n\n\n\n<div class=\"wp-block-column is-layout-flow wp-block-column-is-layout-flow\">\n<figure class=\"wp-block-image size-full\"><a href=\"https:\/\/apiter.com\/pharmapad-carbon\/\"><img loading=\"lazy\" decoding=\"async\" width=\"1024\" height=\"1024\" src=\"http:\/\/apiter.com\/wp-content\/uploads\/2025\/08\/carbon-apiter.jpg\" alt=\"Carbon\" class=\"wp-image-1530\" srcset=\"https:\/\/apiter.com\/wp-content\/uploads\/2025\/08\/carbon-apiter.jpg 1024w, https:\/\/apiter.com\/wp-content\/uploads\/2025\/08\/carbon-apiter-514x514.jpg 514w, https:\/\/apiter.com\/wp-content\/uploads\/2025\/08\/carbon-apiter-150x150.jpg 150w\" sizes=\"auto, (max-width: 1024px) 100vw, 1024px\" \/><\/a><\/figure>\n\n\n\n<p><\/p>\n\n\n\n<h2 class=\"wp-block-heading\"><strong><a href=\"https:\/\/apiter.com\/pharmapad-carbon\/\">Pharmapad\u00ae Carbon<\/a><\/strong><\/h2>\n\n\n\n<p>Pharmapad\u00ae Carbon es un ap\u00f3sito delgado conteniendo una capa del carb\u00f3n activado, es una soluci\u00f3n para las heridas f\u00e9tidas.<\/p>\n<\/div>\n<\/div>\n\n\n\n<hr class=\"wp-block-separator has-text-color has-ivory-color has-alpha-channel-opacity has-ivory-background-color has-background\"\/>\n\n\n\n<div class=\"wp-block-columns grid-wraper is-layout-flex wp-container-core-columns-is-layout-9d6595d7 wp-block-columns-is-layout-flex\">\n<div class=\"wp-block-column is-layout-flow wp-block-column-is-layout-flow\">\n<figure class=\"wp-block-image size-full\"><a href=\"https:\/\/apiter.com\/pharmapad-carbon-silver\/\"><img loading=\"lazy\" decoding=\"async\" width=\"1024\" height=\"1024\" src=\"http:\/\/apiter.com\/wp-content\/uploads\/2025\/08\/carbonSilver-apiter.jpg\" alt=\"Carbonsilver\" class=\"wp-image-1532\" srcset=\"https:\/\/apiter.com\/wp-content\/uploads\/2025\/08\/carbonSilver-apiter.jpg 1024w, https:\/\/apiter.com\/wp-content\/uploads\/2025\/08\/carbonSilver-apiter-514x514.jpg 514w, https:\/\/apiter.com\/wp-content\/uploads\/2025\/08\/carbonSilver-apiter-150x150.jpg 150w\" sizes=\"auto, (max-width: 1024px) 100vw, 1024px\" \/><\/a><\/figure>\n\n\n\n<p><\/p>\n\n\n\n<h2 class=\"wp-block-heading\"><strong><a href=\"https:\/\/apiter.com\/pharmapad-carbon-silver\/\">Pharmapad\u00ae Carbon Silver<\/a><\/strong><\/h2>\n\n\n\n<p>Pharmapad\u00ae Carbon Silver es un ap\u00f3sito fino con una capa de carb\u00f3n activado, que es la soluci\u00f3n perfecta para heridas malolientes.<br>La capa que est\u00e1 en contacto con la herida est\u00e1 laminada con una red de polietileno con plata que proporciona un efecto antimicrobiano.<\/p>\n<\/div>\n\n\n\n<div class=\"wp-block-column is-layout-flow wp-block-column-is-layout-flow\">\n<figure class=\"wp-block-image size-full\"><a href=\"https:\/\/apiter.com\/protectfilm\/\"><img loading=\"lazy\" decoding=\"async\" width=\"1024\" height=\"1024\" src=\"http:\/\/apiter.com\/wp-content\/uploads\/2025\/08\/protectFilm-apiter.jpg\" alt=\"Protectfilm\" class=\"wp-image-1534\" srcset=\"https:\/\/apiter.com\/wp-content\/uploads\/2025\/08\/protectFilm-apiter.jpg 1024w, https:\/\/apiter.com\/wp-content\/uploads\/2025\/08\/protectFilm-apiter-514x514.jpg 514w, https:\/\/apiter.com\/wp-content\/uploads\/2025\/08\/protectFilm-apiter-150x150.jpg 150w\" sizes=\"auto, (max-width: 1024px) 100vw, 1024px\" \/><\/a><\/figure>\n\n\n\n<p><\/p>\n\n\n\n<h2 class=\"wp-block-heading\"><strong><a href=\"https:\/\/apiter.com\/protectfilm\/\">Protectfilm\u00ae<\/a><\/strong><\/h2>\n\n\n\n<p>L\u00e1mina transparente para la protecci\u00f3n de heridas secas o de poca secreci\u00f3n. Hecha de pel\u00edcula de Poliuretano antibacterial e impermeable, cubierta con adhesivo hipo alerg\u00e9nico y protegida por un papel soporte.<br>Individualmente empacada y esterilizada mediante \u00f3xido de etileno.<\/p>\n<\/div>\n\n\n\n<div class=\"wp-block-column is-layout-flow wp-block-column-is-layout-flow\">\n<figure class=\"wp-block-image size-full\"><a href=\"https:\/\/apiter.com\/protectfilm-frame-style\/\"><img loading=\"lazy\" decoding=\"async\" width=\"1024\" height=\"1024\" src=\"http:\/\/apiter.com\/wp-content\/uploads\/2025\/08\/protectFilm-FrameStyle-apiter.jpg\" alt=\"Protectfilm Framestyle\" class=\"wp-image-1542\" srcset=\"https:\/\/apiter.com\/wp-content\/uploads\/2025\/08\/protectFilm-FrameStyle-apiter.jpg 1024w, https:\/\/apiter.com\/wp-content\/uploads\/2025\/08\/protectFilm-FrameStyle-apiter-514x514.jpg 514w, https:\/\/apiter.com\/wp-content\/uploads\/2025\/08\/protectFilm-FrameStyle-apiter-150x150.jpg 150w\" sizes=\"auto, (max-width: 1024px) 100vw, 1024px\" \/><\/a><\/figure>\n\n\n\n<p><\/p>\n\n\n\n<h2 class=\"wp-block-heading\"><strong><a href=\"https:\/\/apiter.com\/protectfilm-frame-style\/\">Protectfilm\u00ae Frame Style<\/a><\/strong><\/h2>\n\n\n\n<p>L\u00e1mina transparente con marco de fijaci\u00f3n para la protecci\u00f3n de heridas secas o de poca secreci\u00f3n.<br>Hecha de pel\u00edcula de Poliuretano antibacterial e impermeable, cubierta con adhesivo hipoalerg\u00e9nico y protegida por un papel soporte.<br>Individualmente empacada y esterilizada mediante \u00f3xido de etileno.<\/p>\n<\/div>\n<\/div>\n\n\n\n<p><\/p>\n","protected":false},"excerpt":{"rendered":"<p>Pharmacoll\u00ae Vendaje hidrocoloide semipermeable que forma un gel protector para una curaci\u00f3n h\u00fameda y retirada indolora. Pharmacoll\u00ae Cushion Ap\u00f3sito hidrocoloide 0,6 mm con respaldo de [&hellip;]<\/p>\n","protected":false},"author":5,"featured_media":0,"parent":0,"menu_order":0,"comment_status":"closed","ping_status":"closed","template":"","meta":{"_acf_changed":false,"footnotes":""},"class_list":["post-1379","page","type-page","status-publish","hentry"],"acf":[],"_links":{"self":[{"href":"https:\/\/apiter.com\/en\/wp-json\/wp\/v2\/pages\/1379","targetHints":{"allow":["GET"]}}],"collection":[{"href":"https:\/\/apiter.com\/en\/wp-json\/wp\/v2\/pages"}],"about":[{"href":"https:\/\/apiter.com\/en\/wp-json\/wp\/v2\/types\/page"}],"author":[{"embeddable":true,"href":"https:\/\/apiter.com\/en\/wp-json\/wp\/v2\/users\/5"}],"replies":[{"embeddable":true,"href":"https:\/\/apiter.com\/en\/wp-json\/wp\/v2\/comments?post=1379"}],"version-history":[{"count":51,"href":"https:\/\/apiter.com\/en\/wp-json\/wp\/v2\/pages\/1379\/revisions"}],"predecessor-version":[{"id":1689,"href":"https:\/\/apiter.com\/en\/wp-json\/wp\/v2\/pages\/1379\/revisions\/1689"}],"wp:attachment":[{"href":"https:\/\/apiter.com\/en\/wp-json\/wp\/v2\/media?parent=1379"}],"curies":[{"name":"wp","href":"https:\/\/api.w.org\/{rel}","templated":true}]}}