{"id":1348,"date":"2025-07-11T11:23:07","date_gmt":"2025-07-11T14:23:07","guid":{"rendered":"https:\/\/apiter.com\/?page_id=1348"},"modified":"2025-09-02T19:56:57","modified_gmt":"2025-09-02T22:56:57","slug":"representaciones","status":"publish","type":"page","link":"https:\/\/apiter.com\/en\/representaciones\/","title":{"rendered":"Representaciones"},"content":{"rendered":"\n<hr class=\"wp-block-separator has-text-color has-grey-light-color has-alpha-channel-opacity has-grey-light-background-color has-background\"\/>\n\n\n\n<p class=\"has-grey-light-color has-text-color has-link-color wp-elements-3816444d7122754ebcbfeca4e38b5dc8\">Representaciones<\/p>\n\n\n\n<div class=\"wp-block-columns is-layout-flex wp-container-core-columns-is-layout-9d6595d7 wp-block-columns-is-layout-flex\">\n<div class=\"wp-block-column is-layout-flow wp-block-column-is-layout-flow\">\n<div class=\"wp-block-columns wp-template-pd is-layout-flex wp-container-core-columns-is-layout-9d6595d7 wp-block-columns-is-layout-flex\">\n<div class=\"wp-block-column is-layout-flow wp-block-column-is-layout-flow\" style=\"flex-basis:66.66%\">\n<figure class=\"wp-block-image size-full\"><img loading=\"lazy\" decoding=\"async\" width=\"1600\" height=\"900\" src=\"http:\/\/apiter.com\/wp-content\/uploads\/2025\/07\/puerto-apiter-apiter.webp\" alt=\"Puerto Apiter\" class=\"wp-image-1349\" srcset=\"https:\/\/apiter.com\/wp-content\/uploads\/2025\/07\/puerto-apiter-apiter.webp 1600w, https:\/\/apiter.com\/wp-content\/uploads\/2025\/07\/puerto-apiter-apiter-685x385.webp 685w\" sizes=\"auto, (max-width: 1600px) 100vw, 1600px\" \/><\/figure>\n<\/div>\n\n\n\n<div class=\"wp-block-column is-layout-flow wp-block-column-is-layout-flow\" style=\"flex-basis:33.33%\">\n<h1 class=\"wp-block-heading has-orange-color has-text-color has-link-color wp-elements-7f423a49f9642209f634a01a91d7c9a4\">Representaciones<\/h1>\n\n\n\n<p><strong>Laboratorio Apiter complementa su cartera de productos incorporando a la misma importantes l\u00edneas de reconocimiento internacional.<\/strong><\/p>\n\n\n\n<p>Con el objetivo de poder ofrecer una soluci\u00f3n integral en la prevenci\u00f3n, cuidado y tratamiento de la piel, introduce en la regi\u00f3n productos que proporcionan alternativas de car\u00e1cter innovador, sustentados por la investigaci\u00f3n, la trayectoria y la calidad de sus marcas, para satisfacer las distintas necesidades tanto de asistencia de la salud como del p\u00fablico en general.<\/p>\n\n\n\n<div class=\"wp-block-columns is-layout-flex wp-container-core-columns-is-layout-9d6595d7 wp-block-columns-is-layout-flex\">\n<div class=\"wp-block-column is-layout-flow wp-block-column-is-layout-flow\">\n<figure class=\"wp-block-image size-full\"><a href=\"https:\/\/apiter.com\/pharmaplast\/\"><img decoding=\"async\" src=\"http:\/\/apiter.com\/wp-content\/uploads\/2025\/07\/pharmaplast-apiter-apiter.svg\" alt=\"Pharmaplast Apiter\" class=\"wp-image-1351\"\/><\/a><\/figure>\n<\/div>\n\n\n\n<div class=\"wp-block-column is-layout-flow wp-block-column-is-layout-flow\">\n<figure class=\"wp-block-image size-full is-resized\"><a href=\"https:\/\/icclabs.com\/\" target=\"_blank\" rel=\"noopener\"><img loading=\"lazy\" decoding=\"async\" width=\"400\" height=\"126\" src=\"http:\/\/apiter.com\/wp-content\/uploads\/2025\/07\/bidiol-apiter-apiter.webp\" alt=\"Bidiol Apiter\" class=\"wp-image-1353\" style=\"width:158px;height:auto\"\/><\/a><\/figure>\n<\/div>\n<\/div>\n<\/div>\n<\/div>\n<\/div>\n<\/div>\n","protected":false},"excerpt":{"rendered":"<p>Representaciones Representaciones Laboratorio Apiter complementa su cartera de productos incorporando a la misma importantes l\u00edneas de reconocimiento internacional. Con el objetivo de poder ofrecer una [&hellip;]<\/p>\n","protected":false},"author":5,"featured_media":0,"parent":0,"menu_order":0,"comment_status":"closed","ping_status":"closed","template":"","meta":{"_acf_changed":false,"footnotes":""},"class_list":["post-1348","page","type-page","status-publish","hentry"],"acf":[],"_links":{"self":[{"href":"https:\/\/apiter.com\/en\/wp-json\/wp\/v2\/pages\/1348","targetHints":{"allow":["GET"]}}],"collection":[{"href":"https:\/\/apiter.com\/en\/wp-json\/wp\/v2\/pages"}],"about":[{"href":"https:\/\/apiter.com\/en\/wp-json\/wp\/v2\/types\/page"}],"author":[{"embeddable":true,"href":"https:\/\/apiter.com\/en\/wp-json\/wp\/v2\/users\/5"}],"replies":[{"embeddable":true,"href":"https:\/\/apiter.com\/en\/wp-json\/wp\/v2\/comments?post=1348"}],"version-history":[{"count":23,"href":"https:\/\/apiter.com\/en\/wp-json\/wp\/v2\/pages\/1348\/revisions"}],"predecessor-version":[{"id":1697,"href":"https:\/\/apiter.com\/en\/wp-json\/wp\/v2\/pages\/1348\/revisions\/1697"}],"wp:attachment":[{"href":"https:\/\/apiter.com\/en\/wp-json\/wp\/v2\/media?parent=1348"}],"curies":[{"name":"wp","href":"https:\/\/api.w.org\/{rel}","templated":true}]}}